{"id":11155,"date":"2014-03-12T12:58:51","date_gmt":"2014-03-12T16:58:51","guid":{"rendered":"https:\/\/www.library.yorku.ca\/web\/suggestion-for-purchase-form\/"},"modified":"2025-10-06T09:38:41","modified_gmt":"2025-10-06T13:38:41","slug":"suggestion-for-purchase-form","status":"publish","type":"page","link":"https:\/\/www.library.yorku.ca\/web\/services-en-francais\/suggestion-for-purchase-form\/?lang=fr","title":{"rendered":"Sugg\u00e9rer un achat pour notre collection"},"content":{"rendered":"\n<hr class=\"wp-block-separator has-alpha-channel-opacity\"\/>\n\n\n\n<p>Nous invitons des suggestions d\u2019achat pour ajouter \u00e0 nos collections. Toutes les suggestions sont examin\u00e9es en consid\u00e9rant: le prix, la disponibilit\u00e9, la pertinence par rapport \u00e0 nos politiques de d\u00e9veloppement des collections et les besoins curriculaires. Vous pouvez \u00e9galement envoyer vos suggestions d\u2019achat directement au biblioth\u00e9caire de liaison pour votre discipline. <a href=\"https:\/\/www.library.yorku.ca\/web\/about-us\/contact-us\/liaison-librarians\/\" target=\"_blank\" rel=\"noopener\">Veuillez cliquer ici pour les coordonn\u00e9es des biblioth\u00e9caires<\/a>.<\/p>\n\n\n\n<p>Avant de soumettre une suggestion, veuillez v\u00e9rifier que l\u2019ouvrage ne figure pas dans notre collection en cherchant dans <a href=\"https:\/\/www.library.yorku.ca\/web\/frost\/?lang=fr\">Omni<\/a>.<\/p>\n\n\n\n<p>Veuillez remplir <a href=\"https:\/\/yulibrary.apps01.yorku.ca\/machform\/view.php?id=23170\">le formulaire de suggestion d'achat<\/a>&nbsp;pour soumettre votre demande.<\/p>\n\n\n\n<div style=\"height:100px\" aria-hidden=\"true\" class=\"wp-block-spacer\"><\/div>\n\n\n\n<p><\/p>\n","protected":false},"excerpt":{"rendered":"<p>Nous invitons des suggestions d\u2019achat pour ajouter \u00e0 nos collections. Toutes les suggestions sont examin\u00e9es en consid\u00e9rant: le prix, la disponibilit\u00e9, la pertinence par rapport \u00e0 nos politiques de d\u00e9veloppement des collections et les besoins curriculaires. Vous pouvez \u00e9galement envoyer vos suggestions d\u2019achat directement au biblioth\u00e9caire de liaison pour votre discipline. Veuillez cliquer ici pour [&hellip;]<\/p>\n","protected":false},"author":1,"featured_media":0,"parent":23720,"menu_order":2,"comment_status":"closed","ping_status":"closed","template":"","meta":{"_uag_custom_page_level_css":"","footnotes":""},"class_list":["post-11155","page","type-page","status-publish","hentry"],"yoast_head":"<!-- This site is optimized with the Yoast SEO plugin v27.4 - https:\/\/yoast.com\/product\/yoast-seo-wordpress\/ -->\n<title>Sugg\u00e9rer un achat pour notre collection - York University Libraries<\/title>\n<meta name=\"robots\" content=\"index, follow, max-snippet:-1, max-image-preview:large, max-video-preview:-1\" \/>\n<link rel=\"canonical\" href=\"https:\/\/www.library.yorku.ca\/web\/services-en-francais\/suggestion-for-purchase-form\/?lang=fr\" \/>\n<meta property=\"og:locale\" content=\"en_US\" \/>\n<meta property=\"og:type\" content=\"article\" \/>\n<meta property=\"og:title\" content=\"Sugg\u00e9rer un achat pour notre collection - York University Libraries\" \/>\n<meta property=\"og:description\" content=\"Nous invitons des suggestions d\u2019achat pour ajouter \u00e0 nos collections. Toutes les suggestions sont examin\u00e9es en consid\u00e9rant: le prix, la disponibilit\u00e9, la pertinence par rapport \u00e0 nos politiques de d\u00e9veloppement des collections et les besoins curriculaires. Vous pouvez \u00e9galement envoyer vos suggestions d\u2019achat directement au biblioth\u00e9caire de liaison pour votre discipline. Veuillez cliquer ici pour [&hellip;]\" \/>\n<meta property=\"og:url\" content=\"https:\/\/www.library.yorku.ca\/web\/services-en-francais\/suggestion-for-purchase-form\/?lang=fr\" \/>\n<meta property=\"og:site_name\" content=\"York University Libraries\" \/>\n<meta property=\"article:modified_time\" content=\"2025-10-06T13:38:41+00:00\" \/>\n<meta property=\"og:image\" content=\"https:\/\/www.library.yorku.ca\/web\/wp-content\/uploads\/2023\/06\/Horizontal-York-Logo-1200x675-1.jpg\" \/>\n\t<meta property=\"og:image:width\" content=\"1200\" \/>\n\t<meta property=\"og:image:height\" content=\"675\" \/>\n\t<meta property=\"og:image:type\" content=\"image\/jpeg\" \/>\n<meta name=\"twitter:card\" content=\"summary_large_image\" \/>\n<meta name=\"twitter:label1\" content=\"Est. reading time\" \/>\n\t<meta name=\"twitter:data1\" content=\"1 minute\" \/>\n<script type=\"application\/ld+json\" class=\"yoast-schema-graph\">{\"@context\":\"https:\\\/\\\/schema.org\",\"@graph\":[{\"@type\":\"WebPage\",\"@id\":\"https:\\\/\\\/www.library.yorku.ca\\\/web\\\/services-en-francais\\\/suggestion-for-purchase-form\\\/?lang=fr\",\"url\":\"https:\\\/\\\/www.library.yorku.ca\\\/web\\\/services-en-francais\\\/suggestion-for-purchase-form\\\/?lang=fr\",\"name\":\"Sugg\u00e9rer un achat pour notre collection - York University Libraries\",\"isPartOf\":{\"@id\":\"https:\\\/\\\/www.library.yorku.ca\\\/web\\\/#website\"},\"datePublished\":\"2014-03-12T16:58:51+00:00\",\"dateModified\":\"2025-10-06T13:38:41+00:00\",\"breadcrumb\":{\"@id\":\"https:\\\/\\\/www.library.yorku.ca\\\/web\\\/services-en-francais\\\/suggestion-for-purchase-form\\\/?lang=fr#breadcrumb\"},\"inLanguage\":\"en-US\",\"potentialAction\":[{\"@type\":\"ReadAction\",\"target\":[\"https:\\\/\\\/www.library.yorku.ca\\\/web\\\/services-en-francais\\\/suggestion-for-purchase-form\\\/?lang=fr\"]}]},{\"@type\":\"BreadcrumbList\",\"@id\":\"https:\\\/\\\/www.library.yorku.ca\\\/web\\\/services-en-francais\\\/suggestion-for-purchase-form\\\/?lang=fr#breadcrumb\",\"itemListElement\":[{\"@type\":\"ListItem\",\"position\":1,\"name\":\"Home\",\"item\":\"https:\\\/\\\/www.library.yorku.ca\\\/web\\\/\"},{\"@type\":\"ListItem\",\"position\":2,\"name\":\"Services en fran\u00e7ais\",\"item\":\"https:\\\/\\\/www.library.yorku.ca\\\/web\\\/services-en-francais\\\/?lang=fr\"},{\"@type\":\"ListItem\",\"position\":3,\"name\":\"Sugg\u00e9rer un achat pour notre collection\"}]},{\"@type\":\"WebSite\",\"@id\":\"https:\\\/\\\/www.library.yorku.ca\\\/web\\\/#website\",\"url\":\"https:\\\/\\\/www.library.yorku.ca\\\/web\\\/\",\"name\":\"York University Libraries\",\"description\":\"\",\"publisher\":{\"@id\":\"https:\\\/\\\/www.library.yorku.ca\\\/web\\\/#organization\"},\"alternateName\":\"YUL Home\",\"potentialAction\":[{\"@type\":\"SearchAction\",\"target\":{\"@type\":\"EntryPoint\",\"urlTemplate\":\"https:\\\/\\\/www.library.yorku.ca\\\/web\\\/?s={search_term_string}\"},\"query-input\":{\"@type\":\"PropertyValueSpecification\",\"valueRequired\":true,\"valueName\":\"search_term_string\"}}],\"inLanguage\":\"en-US\"},{\"@type\":\"Organization\",\"@id\":\"https:\\\/\\\/www.library.yorku.ca\\\/web\\\/#organization\",\"name\":\"York University Libraries\",\"alternateName\":\"York University\",\"url\":\"https:\\\/\\\/www.library.yorku.ca\\\/web\\\/\",\"logo\":{\"@type\":\"ImageObject\",\"inLanguage\":\"en-US\",\"@id\":\"https:\\\/\\\/www.library.yorku.ca\\\/web\\\/#\\\/schema\\\/logo\\\/image\\\/\",\"url\":\"https:\\\/\\\/www.library.yorku.ca\\\/web\\\/wp-content\\\/uploads\\\/2023\\\/06\\\/Yorku-logo-696x696-1.jpg\",\"contentUrl\":\"https:\\\/\\\/www.library.yorku.ca\\\/web\\\/wp-content\\\/uploads\\\/2023\\\/06\\\/Yorku-logo-696x696-1.jpg\",\"width\":696,\"height\":696,\"caption\":\"York University Libraries\"},\"image\":{\"@id\":\"https:\\\/\\\/www.library.yorku.ca\\\/web\\\/#\\\/schema\\\/logo\\\/image\\\/\"}}]}<\/script>\n<!-- \/ Yoast SEO plugin. -->","yoast_head_json":{"title":"Sugg\u00e9rer un achat pour notre collection - York University Libraries","robots":{"index":"index","follow":"follow","max-snippet":"max-snippet:-1","max-image-preview":"max-image-preview:large","max-video-preview":"max-video-preview:-1"},"canonical":"https:\/\/www.library.yorku.ca\/web\/services-en-francais\/suggestion-for-purchase-form\/?lang=fr","og_locale":"en_US","og_type":"article","og_title":"Sugg\u00e9rer un achat pour notre collection - York University Libraries","og_description":"Nous invitons des suggestions d\u2019achat pour ajouter \u00e0 nos collections. Toutes les suggestions sont examin\u00e9es en consid\u00e9rant: le prix, la disponibilit\u00e9, la pertinence par rapport \u00e0 nos politiques de d\u00e9veloppement des collections et les besoins curriculaires. Vous pouvez \u00e9galement envoyer vos suggestions d\u2019achat directement au biblioth\u00e9caire de liaison pour votre discipline. Veuillez cliquer ici pour [&hellip;]","og_url":"https:\/\/www.library.yorku.ca\/web\/services-en-francais\/suggestion-for-purchase-form\/?lang=fr","og_site_name":"York University Libraries","article_modified_time":"2025-10-06T13:38:41+00:00","og_image":[{"width":1200,"height":675,"url":"https:\/\/www.library.yorku.ca\/web\/wp-content\/uploads\/2023\/06\/Horizontal-York-Logo-1200x675-1.jpg","type":"image\/jpeg"}],"twitter_card":"summary_large_image","twitter_misc":{"Est. reading time":"1 minute"},"schema":{"@context":"https:\/\/schema.org","@graph":[{"@type":"WebPage","@id":"https:\/\/www.library.yorku.ca\/web\/services-en-francais\/suggestion-for-purchase-form\/?lang=fr","url":"https:\/\/www.library.yorku.ca\/web\/services-en-francais\/suggestion-for-purchase-form\/?lang=fr","name":"Sugg\u00e9rer un achat pour notre collection - York University Libraries","isPartOf":{"@id":"https:\/\/www.library.yorku.ca\/web\/#website"},"datePublished":"2014-03-12T16:58:51+00:00","dateModified":"2025-10-06T13:38:41+00:00","breadcrumb":{"@id":"https:\/\/www.library.yorku.ca\/web\/services-en-francais\/suggestion-for-purchase-form\/?lang=fr#breadcrumb"},"inLanguage":"en-US","potentialAction":[{"@type":"ReadAction","target":["https:\/\/www.library.yorku.ca\/web\/services-en-francais\/suggestion-for-purchase-form\/?lang=fr"]}]},{"@type":"BreadcrumbList","@id":"https:\/\/www.library.yorku.ca\/web\/services-en-francais\/suggestion-for-purchase-form\/?lang=fr#breadcrumb","itemListElement":[{"@type":"ListItem","position":1,"name":"Home","item":"https:\/\/www.library.yorku.ca\/web\/"},{"@type":"ListItem","position":2,"name":"Services en fran\u00e7ais","item":"https:\/\/www.library.yorku.ca\/web\/services-en-francais\/?lang=fr"},{"@type":"ListItem","position":3,"name":"Sugg\u00e9rer un achat pour notre collection"}]},{"@type":"WebSite","@id":"https:\/\/www.library.yorku.ca\/web\/#website","url":"https:\/\/www.library.yorku.ca\/web\/","name":"York University Libraries","description":"","publisher":{"@id":"https:\/\/www.library.yorku.ca\/web\/#organization"},"alternateName":"YUL Home","potentialAction":[{"@type":"SearchAction","target":{"@type":"EntryPoint","urlTemplate":"https:\/\/www.library.yorku.ca\/web\/?s={search_term_string}"},"query-input":{"@type":"PropertyValueSpecification","valueRequired":true,"valueName":"search_term_string"}}],"inLanguage":"en-US"},{"@type":"Organization","@id":"https:\/\/www.library.yorku.ca\/web\/#organization","name":"York University Libraries","alternateName":"York University","url":"https:\/\/www.library.yorku.ca\/web\/","logo":{"@type":"ImageObject","inLanguage":"en-US","@id":"https:\/\/www.library.yorku.ca\/web\/#\/schema\/logo\/image\/","url":"https:\/\/www.library.yorku.ca\/web\/wp-content\/uploads\/2023\/06\/Yorku-logo-696x696-1.jpg","contentUrl":"https:\/\/www.library.yorku.ca\/web\/wp-content\/uploads\/2023\/06\/Yorku-logo-696x696-1.jpg","width":696,"height":696,"caption":"York University Libraries"},"image":{"@id":"https:\/\/www.library.yorku.ca\/web\/#\/schema\/logo\/image\/"}}]}},"uagb_featured_image_src":{"full":false,"thumbnail":false,"medium":false,"medium_large":false,"large":false,"1536x1536":false,"2048x2048":false},"uagb_author_info":{"display_name":"admin","author_link":"https:\/\/www.library.yorku.ca\/web\/blog\/author\/admin\/"},"uagb_comment_info":0,"uagb_excerpt":"Nous invitons des suggestions d\u2019achat pour ajouter \u00e0 nos collections. Toutes les suggestions sont examin\u00e9es en consid\u00e9rant: le prix, la disponibilit\u00e9, la pertinence par rapport \u00e0 nos politiques de d\u00e9veloppement des collections et les besoins curriculaires. Vous pouvez \u00e9galement envoyer vos suggestions d\u2019achat directement au biblioth\u00e9caire de liaison pour votre discipline. Veuillez cliquer ici pour&hellip;","_links":{"self":[{"href":"https:\/\/www.library.yorku.ca\/web\/wp-json\/wp\/v2\/pages\/11155","targetHints":{"allow":["GET"]}}],"collection":[{"href":"https:\/\/www.library.yorku.ca\/web\/wp-json\/wp\/v2\/pages"}],"about":[{"href":"https:\/\/www.library.yorku.ca\/web\/wp-json\/wp\/v2\/types\/page"}],"author":[{"embeddable":true,"href":"https:\/\/www.library.yorku.ca\/web\/wp-json\/wp\/v2\/users\/1"}],"replies":[{"embeddable":true,"href":"https:\/\/www.library.yorku.ca\/web\/wp-json\/wp\/v2\/comments?post=11155"}],"version-history":[{"count":9,"href":"https:\/\/www.library.yorku.ca\/web\/wp-json\/wp\/v2\/pages\/11155\/revisions"}],"predecessor-version":[{"id":32514,"href":"https:\/\/www.library.yorku.ca\/web\/wp-json\/wp\/v2\/pages\/11155\/revisions\/32514"}],"up":[{"embeddable":true,"href":"https:\/\/www.library.yorku.ca\/web\/wp-json\/wp\/v2\/pages\/23720"}],"wp:attachment":[{"href":"https:\/\/www.library.yorku.ca\/web\/wp-json\/wp\/v2\/media?parent=11155"}],"curies":[{"name":"wp","href":"https:\/\/api.w.org\/{rel}","templated":true}]}}