{"id":21064,"date":"2022-05-27T11:23:54","date_gmt":"2022-05-27T15:23:54","guid":{"rendered":"https:\/\/www.library.yorku.ca\/web\/?page_id=21064"},"modified":"2024-02-14T10:04:37","modified_gmt":"2024-02-14T15:04:37","slug":"reservation-de-films-et-videos","status":"publish","type":"page","link":"https:\/\/www.library.yorku.ca\/web\/questions-et-services\/emprunter-renouveler-retourner\/reservation-de-films-et-videos\/?lang=fr","title":{"rendered":"R\u00e9servation de films et vid\u00e9os"},"content":{"rendered":"\n<h5 class=\"wp-block-heading\">Pour les enqu\u00eates, veuillez contacter :&nbsp; <a href=\"mailto:imagelib@yorku.ca\" target=\"_blank\" rel=\"noreferrer noopener\">imagelib@yorku.ca<\/a><\/h5>\n\n\n\n<p>________________________________________________<\/p>\n\n\n\n<p><strong>R\u00e9servation pour des projections en classe : Veuillez remplir <a href=\"http:\/\/scottlibrary.apps01.yorku.ca\/machform\/view.php?id=22690\" target=\"_blank\" rel=\"noreferrer noopener\">le formulaire de r\u00e9servation de films et de vid\u00e9os<\/a> (en anglais).&nbsp;<\/strong><\/p>\n\n\n\n<ul class=\"wp-block-list\">\n<li>Veuillez noter que si un film n'est pas disponible dans un format en continu, et qu'une copie DVD est disponible aux biblioth\u00e8ques, les membres du corps enseignant peuvent r\u00e9server un DVD pour une projection en classe en ligne synchrone. Commencez par remplir le formulaire de r\u00e9servation de films et de vid\u00e9o, et un membre de l'\u00e9quipe vous contactera avec plus de d\u00e9tails.<\/li>\n\n\n\n<li>Les films r\u00e9serv\u00e9s pourront \u00eatre retir\u00e9s aux comptoirs de service des biblioth\u00e8ques Frost (Glendon) et Scott.<\/li>\n<\/ul>\n\n\n\n<p><strong>R\u00e9serves de cours de la collection Sound and Moving Image :<\/strong><\/p>\n\n\n\n<ul class=\"wp-block-list\">\n<li>Les articles de SMIC mis en r\u00e9serve de cours sont disponibles au comptoir de service Scott. Des lecteurs DVD portables peuvent \u00eatre pr\u00eat\u00e9s au besoin.<\/li>\n<\/ul>\n\n\n\n<p><strong>Les CD\/DVD ne sont pas disponibles pour le pr\u00eat ? Prenez rendez-vous pour y acc\u00e9der \u00e0 la biblioth\u00e8que Scott<\/strong><\/p>\n\n\n\n<ul class=\"wp-block-list\">\n<li>Si vous souhaitez visionner ou \u00e9couter un DVD ou un CD que vous ne pouvez pas emprunter, veuillez prendre rendez-vous pour \u00e9couter ou visionner les ressources \u00e0 la biblioth\u00e8que. Les rendez-vous sont g\u00e9n\u00e9ralement disponibles du lundi au vendredi, entre 9h et 15h. Un pr\u00e9avis de deux jours ouvrables est n\u00e9cessaire. Disponible pour le corps \u00e9tudiant, le personnel, le corps professoral, les anciens \u00e9l\u00e8ves et les autres utilisateurs de la communaut\u00e9. Veuillez vous munir d'une pi\u00e8ce d'identit\u00e9 avec photo et de vos propres \u00e9couteurs. Remplissez <a href=\"https:\/\/scottlibrary.apps01.yorku.ca\/machform\/view.php?id=125555\">ce formulaire<\/a> pour prendre rendez-vous et le personnel de la biblioth\u00e8que vous contactera le jour ouvrable suivant pour confirmer votre rendez-vous.<\/li>\n<\/ul>\n\n\n\n<p><strong>Mat\u00e9riaux <strong>SMIC ayant une p\u00e9riode de pr\u00eat de 7 jours <\/strong>:<\/strong><\/p>\n\n\n\n<ul class=\"wp-block-list\">\n<li>Les articles pr\u00eat\u00e9s pour&nbsp;7 jours de SMIC&nbsp;peuvent \u00eatre&nbsp;demand\u00e9s par le biais de&nbsp;<a href=\"https:\/\/www.library.yorku.ca\/web\/frost\/?lang=fr\" target=\"_blank\" rel=\"noreferrer noopener\">Omni<\/a>&nbsp;et r\u00e9cup\u00e9r\u00e9s dans les casiers \u00e0 livres Glendon ou Keele, ou aux comptoirs de service Bronfman, Frost, Scott ou Steacie. Veuillez consulter <a href=\"https:\/\/www.library.yorku.ca\/web\/questions-et-services\/emprunter-renouveler-retourner\/les-demandes-et-le-service-de-ramassage\/?lang=fr\">Les demandes et le service de ramassage<\/a>&nbsp;pour plus d'informations sur les demandes et les casiers \u00e0 livres.<\/li>\n<\/ul>\n","protected":false},"excerpt":{"rendered":"<p>Pour les enqu\u00eates, veuillez contacter :&nbsp; imagelib@yorku.ca ________________________________________________ R\u00e9servation pour des projections en classe : Veuillez remplir le formulaire de r\u00e9servation de films et de vid\u00e9os (en anglais).&nbsp; R\u00e9serves de cours de la collection Sound and Moving Image : Les CD\/DVD ne sont pas disponibles pour le pr\u00eat ? Prenez rendez-vous pour y acc\u00e9der \u00e0 [&hellip;]<\/p>\n","protected":false},"author":102,"featured_media":0,"parent":5761,"menu_order":32,"comment_status":"closed","ping_status":"closed","template":"","meta":{"_uag_custom_page_level_css":"","footnotes":""},"class_list":["post-21064","page","type-page","status-publish","hentry"],"yoast_head":"<!-- This site is optimized with the Yoast SEO plugin v27.5 - https:\/\/yoast.com\/product\/yoast-seo-wordpress\/ -->\n<title>R\u00e9servation de films et vid\u00e9os - York University Libraries<\/title>\n<meta name=\"robots\" content=\"index, follow, max-snippet:-1, max-image-preview:large, max-video-preview:-1\" \/>\n<link rel=\"canonical\" href=\"https:\/\/www.library.yorku.ca\/web\/questions-et-services\/emprunter-renouveler-retourner\/reservation-de-films-et-videos\/?lang=fr\" \/>\n<meta property=\"og:locale\" content=\"en_US\" \/>\n<meta property=\"og:type\" content=\"article\" \/>\n<meta property=\"og:title\" content=\"R\u00e9servation de films et vid\u00e9os - York University Libraries\" \/>\n<meta property=\"og:description\" content=\"Pour les enqu\u00eates, veuillez contacter :&nbsp; imagelib@yorku.ca ________________________________________________ R\u00e9servation pour des projections en classe : Veuillez remplir le formulaire de r\u00e9servation de films et de vid\u00e9os (en anglais).&nbsp; R\u00e9serves de cours de la collection Sound and Moving Image : Les CD\/DVD ne sont pas disponibles pour le pr\u00eat ? Prenez rendez-vous pour y acc\u00e9der \u00e0 [&hellip;]\" \/>\n<meta property=\"og:url\" content=\"https:\/\/www.library.yorku.ca\/web\/questions-et-services\/emprunter-renouveler-retourner\/reservation-de-films-et-videos\/?lang=fr\" \/>\n<meta property=\"og:site_name\" content=\"York University Libraries\" \/>\n<meta property=\"article:modified_time\" content=\"2024-02-14T15:04:37+00:00\" \/>\n<meta property=\"og:image\" content=\"https:\/\/www.library.yorku.ca\/web\/wp-content\/uploads\/2023\/06\/Horizontal-York-Logo-1200x675-1.jpg\" \/>\n\t<meta property=\"og:image:width\" content=\"1200\" \/>\n\t<meta property=\"og:image:height\" content=\"675\" \/>\n\t<meta property=\"og:image:type\" content=\"image\/jpeg\" \/>\n<meta name=\"twitter:card\" content=\"summary_large_image\" \/>\n<meta name=\"twitter:label1\" content=\"Est. reading time\" \/>\n\t<meta name=\"twitter:data1\" content=\"2 minutes\" \/>\n<script type=\"application\/ld+json\" class=\"yoast-schema-graph\">{\"@context\":\"https:\\\/\\\/schema.org\",\"@graph\":[{\"@type\":\"WebPage\",\"@id\":\"https:\\\/\\\/www.library.yorku.ca\\\/web\\\/questions-et-services\\\/emprunter-renouveler-retourner\\\/reservation-de-films-et-videos\\\/?lang=fr\",\"url\":\"https:\\\/\\\/www.library.yorku.ca\\\/web\\\/questions-et-services\\\/emprunter-renouveler-retourner\\\/reservation-de-films-et-videos\\\/?lang=fr\",\"name\":\"R\u00e9servation de films et vid\u00e9os - York University Libraries\",\"isPartOf\":{\"@id\":\"https:\\\/\\\/www.library.yorku.ca\\\/web\\\/#website\"},\"datePublished\":\"2022-05-27T15:23:54+00:00\",\"dateModified\":\"2024-02-14T15:04:37+00:00\",\"breadcrumb\":{\"@id\":\"https:\\\/\\\/www.library.yorku.ca\\\/web\\\/questions-et-services\\\/emprunter-renouveler-retourner\\\/reservation-de-films-et-videos\\\/?lang=fr#breadcrumb\"},\"inLanguage\":\"en-US\",\"potentialAction\":[{\"@type\":\"ReadAction\",\"target\":[\"https:\\\/\\\/www.library.yorku.ca\\\/web\\\/questions-et-services\\\/emprunter-renouveler-retourner\\\/reservation-de-films-et-videos\\\/?lang=fr\"]}]},{\"@type\":\"BreadcrumbList\",\"@id\":\"https:\\\/\\\/www.library.yorku.ca\\\/web\\\/questions-et-services\\\/emprunter-renouveler-retourner\\\/reservation-de-films-et-videos\\\/?lang=fr#breadcrumb\",\"itemListElement\":[{\"@type\":\"ListItem\",\"position\":1,\"name\":\"Home\",\"item\":\"https:\\\/\\\/www.library.yorku.ca\\\/web\\\/\"},{\"@type\":\"ListItem\",\"position\":2,\"name\":\"Questions et services\",\"item\":\"https:\\\/\\\/www.library.yorku.ca\\\/web\\\/questions-et-services\\\/?lang=fr\"},{\"@type\":\"ListItem\",\"position\":3,\"name\":\"Comptes, emprunts et demandes\",\"item\":\"https:\\\/\\\/www.library.yorku.ca\\\/web\\\/questions-et-services\\\/emprunter-renouveler-retourner\\\/?lang=fr\"},{\"@type\":\"ListItem\",\"position\":4,\"name\":\"R\u00e9servation de films et vid\u00e9os\"}]},{\"@type\":\"WebSite\",\"@id\":\"https:\\\/\\\/www.library.yorku.ca\\\/web\\\/#website\",\"url\":\"https:\\\/\\\/www.library.yorku.ca\\\/web\\\/\",\"name\":\"York University Libraries\",\"description\":\"\",\"publisher\":{\"@id\":\"https:\\\/\\\/www.library.yorku.ca\\\/web\\\/#organization\"},\"alternateName\":\"YUL Home\",\"potentialAction\":[{\"@type\":\"SearchAction\",\"target\":{\"@type\":\"EntryPoint\",\"urlTemplate\":\"https:\\\/\\\/www.library.yorku.ca\\\/web\\\/?s={search_term_string}\"},\"query-input\":{\"@type\":\"PropertyValueSpecification\",\"valueRequired\":true,\"valueName\":\"search_term_string\"}}],\"inLanguage\":\"en-US\"},{\"@type\":\"Organization\",\"@id\":\"https:\\\/\\\/www.library.yorku.ca\\\/web\\\/#organization\",\"name\":\"York University Libraries\",\"alternateName\":\"York University\",\"url\":\"https:\\\/\\\/www.library.yorku.ca\\\/web\\\/\",\"logo\":{\"@type\":\"ImageObject\",\"inLanguage\":\"en-US\",\"@id\":\"https:\\\/\\\/www.library.yorku.ca\\\/web\\\/#\\\/schema\\\/logo\\\/image\\\/\",\"url\":\"https:\\\/\\\/www.library.yorku.ca\\\/web\\\/wp-content\\\/uploads\\\/2023\\\/06\\\/Yorku-logo-696x696-1.jpg\",\"contentUrl\":\"https:\\\/\\\/www.library.yorku.ca\\\/web\\\/wp-content\\\/uploads\\\/2023\\\/06\\\/Yorku-logo-696x696-1.jpg\",\"width\":696,\"height\":696,\"caption\":\"York University Libraries\"},\"image\":{\"@id\":\"https:\\\/\\\/www.library.yorku.ca\\\/web\\\/#\\\/schema\\\/logo\\\/image\\\/\"}}]}<\/script>\n<!-- \/ Yoast SEO plugin. -->","yoast_head_json":{"title":"R\u00e9servation de films et vid\u00e9os - York University Libraries","robots":{"index":"index","follow":"follow","max-snippet":"max-snippet:-1","max-image-preview":"max-image-preview:large","max-video-preview":"max-video-preview:-1"},"canonical":"https:\/\/www.library.yorku.ca\/web\/questions-et-services\/emprunter-renouveler-retourner\/reservation-de-films-et-videos\/?lang=fr","og_locale":"en_US","og_type":"article","og_title":"R\u00e9servation de films et vid\u00e9os - York University Libraries","og_description":"Pour les enqu\u00eates, veuillez contacter :&nbsp; imagelib@yorku.ca ________________________________________________ R\u00e9servation pour des projections en classe : Veuillez remplir le formulaire de r\u00e9servation de films et de vid\u00e9os (en anglais).&nbsp; R\u00e9serves de cours de la collection Sound and Moving Image : Les CD\/DVD ne sont pas disponibles pour le pr\u00eat ? Prenez rendez-vous pour y acc\u00e9der \u00e0 [&hellip;]","og_url":"https:\/\/www.library.yorku.ca\/web\/questions-et-services\/emprunter-renouveler-retourner\/reservation-de-films-et-videos\/?lang=fr","og_site_name":"York University Libraries","article_modified_time":"2024-02-14T15:04:37+00:00","og_image":[{"width":1200,"height":675,"url":"https:\/\/www.library.yorku.ca\/web\/wp-content\/uploads\/2023\/06\/Horizontal-York-Logo-1200x675-1.jpg","type":"image\/jpeg"}],"twitter_card":"summary_large_image","twitter_misc":{"Est. reading time":"2 minutes"},"schema":{"@context":"https:\/\/schema.org","@graph":[{"@type":"WebPage","@id":"https:\/\/www.library.yorku.ca\/web\/questions-et-services\/emprunter-renouveler-retourner\/reservation-de-films-et-videos\/?lang=fr","url":"https:\/\/www.library.yorku.ca\/web\/questions-et-services\/emprunter-renouveler-retourner\/reservation-de-films-et-videos\/?lang=fr","name":"R\u00e9servation de films et vid\u00e9os - York University Libraries","isPartOf":{"@id":"https:\/\/www.library.yorku.ca\/web\/#website"},"datePublished":"2022-05-27T15:23:54+00:00","dateModified":"2024-02-14T15:04:37+00:00","breadcrumb":{"@id":"https:\/\/www.library.yorku.ca\/web\/questions-et-services\/emprunter-renouveler-retourner\/reservation-de-films-et-videos\/?lang=fr#breadcrumb"},"inLanguage":"en-US","potentialAction":[{"@type":"ReadAction","target":["https:\/\/www.library.yorku.ca\/web\/questions-et-services\/emprunter-renouveler-retourner\/reservation-de-films-et-videos\/?lang=fr"]}]},{"@type":"BreadcrumbList","@id":"https:\/\/www.library.yorku.ca\/web\/questions-et-services\/emprunter-renouveler-retourner\/reservation-de-films-et-videos\/?lang=fr#breadcrumb","itemListElement":[{"@type":"ListItem","position":1,"name":"Home","item":"https:\/\/www.library.yorku.ca\/web\/"},{"@type":"ListItem","position":2,"name":"Questions et services","item":"https:\/\/www.library.yorku.ca\/web\/questions-et-services\/?lang=fr"},{"@type":"ListItem","position":3,"name":"Comptes, emprunts et demandes","item":"https:\/\/www.library.yorku.ca\/web\/questions-et-services\/emprunter-renouveler-retourner\/?lang=fr"},{"@type":"ListItem","position":4,"name":"R\u00e9servation de films et vid\u00e9os"}]},{"@type":"WebSite","@id":"https:\/\/www.library.yorku.ca\/web\/#website","url":"https:\/\/www.library.yorku.ca\/web\/","name":"York University Libraries","description":"","publisher":{"@id":"https:\/\/www.library.yorku.ca\/web\/#organization"},"alternateName":"YUL Home","potentialAction":[{"@type":"SearchAction","target":{"@type":"EntryPoint","urlTemplate":"https:\/\/www.library.yorku.ca\/web\/?s={search_term_string}"},"query-input":{"@type":"PropertyValueSpecification","valueRequired":true,"valueName":"search_term_string"}}],"inLanguage":"en-US"},{"@type":"Organization","@id":"https:\/\/www.library.yorku.ca\/web\/#organization","name":"York University Libraries","alternateName":"York University","url":"https:\/\/www.library.yorku.ca\/web\/","logo":{"@type":"ImageObject","inLanguage":"en-US","@id":"https:\/\/www.library.yorku.ca\/web\/#\/schema\/logo\/image\/","url":"https:\/\/www.library.yorku.ca\/web\/wp-content\/uploads\/2023\/06\/Yorku-logo-696x696-1.jpg","contentUrl":"https:\/\/www.library.yorku.ca\/web\/wp-content\/uploads\/2023\/06\/Yorku-logo-696x696-1.jpg","width":696,"height":696,"caption":"York University Libraries"},"image":{"@id":"https:\/\/www.library.yorku.ca\/web\/#\/schema\/logo\/image\/"}}]}},"uagb_featured_image_src":{"full":false,"thumbnail":false,"medium":false,"medium_large":false,"large":false,"1536x1536":false,"2048x2048":false},"uagb_author_info":{"display_name":"asteven","author_link":"https:\/\/www.library.yorku.ca\/web\/blog\/author\/asteven\/"},"uagb_comment_info":0,"uagb_excerpt":"Pour les enqu\u00eates, veuillez contacter :&nbsp; imagelib@yorku.ca ________________________________________________ R\u00e9servation pour des projections en classe : Veuillez remplir le formulaire de r\u00e9servation de films et de vid\u00e9os (en anglais).&nbsp; R\u00e9serves de cours de la collection Sound and Moving Image : Les CD\/DVD ne sont pas disponibles pour le pr\u00eat ? Prenez rendez-vous pour y acc\u00e9der \u00e0&hellip;","_links":{"self":[{"href":"https:\/\/www.library.yorku.ca\/web\/wp-json\/wp\/v2\/pages\/21064","targetHints":{"allow":["GET"]}}],"collection":[{"href":"https:\/\/www.library.yorku.ca\/web\/wp-json\/wp\/v2\/pages"}],"about":[{"href":"https:\/\/www.library.yorku.ca\/web\/wp-json\/wp\/v2\/types\/page"}],"author":[{"embeddable":true,"href":"https:\/\/www.library.yorku.ca\/web\/wp-json\/wp\/v2\/users\/102"}],"replies":[{"embeddable":true,"href":"https:\/\/www.library.yorku.ca\/web\/wp-json\/wp\/v2\/comments?post=21064"}],"version-history":[{"count":4,"href":"https:\/\/www.library.yorku.ca\/web\/wp-json\/wp\/v2\/pages\/21064\/revisions"}],"predecessor-version":[{"id":28020,"href":"https:\/\/www.library.yorku.ca\/web\/wp-json\/wp\/v2\/pages\/21064\/revisions\/28020"}],"up":[{"embeddable":true,"href":"https:\/\/www.library.yorku.ca\/web\/wp-json\/wp\/v2\/pages\/5761"}],"wp:attachment":[{"href":"https:\/\/www.library.yorku.ca\/web\/wp-json\/wp\/v2\/media?parent=21064"}],"curies":[{"name":"wp","href":"https:\/\/api.w.org\/{rel}","templated":true}]}}