{"id":5761,"date":"2015-08-05T13:18:09","date_gmt":"2015-08-05T17:18:09","guid":{"rendered":"http:\/\/www.library.yorku.ca\/web\/?page_id=5761"},"modified":"2025-07-28T15:56:41","modified_gmt":"2025-07-28T19:56:41","slug":"emprunter-renouveler-retourner","status":"publish","type":"page","link":"https:\/\/www.library.yorku.ca\/web\/questions-et-services\/emprunter-renouveler-retourner\/?lang=fr","title":{"rendered":"Comptes, emprunts et demandes"},"content":{"rendered":"\n<hr class=\"wp-block-separator has-text-color has-york-red-pms-186-color has-css-opacity has-york-red-pms-186-background-color has-background\" \/>\n\n\n\n<p><\/p>\n\n\n<ul>\n<li><a href=\"https:\/\/www.library.yorku.ca\/web\/questions-et-services\/emprunter-renouveler-retourner\/privileges-demprunt\/?lang=fr\" target=\"_blank\" rel=\"noopener\">Comptes de biblioth\u00e8ques et cartes YU<\/a><\/li>\n<li><a href=\"https:\/\/www.library.yorku.ca\/web\/questions-et-services\/emprunter-renouveler-retourner\/emprunts-retours-et-amendesfrais\/?lang=fr\">Emprunts, retours et amendes\/frais<\/a><\/li>\n<li><a href=\"https:\/\/www.library.yorku.ca\/web\/questions-et-services\/emprunter-renouveler-retourner\/les-demandes-et-le-service-de-ramassage\/?lang=fr\">Les demandes et le service de ramassage<\/a><\/li>\n<li><a href=\"https:\/\/www.library.yorku.ca\/web\/questions-et-services\/emprunter-renouveler-retourner\/casiers-a-livres-a-keele-et-glendon\/?lang=fr\">Casiers \u00e0 livres<\/a><\/li>\n<li><a href=\"https:\/\/www.library.yorku.ca\/web\/questions-et-services\/emprunter-renouveler-retourner\/acces-a-la-reserve-de-cours\/?lang=fr\">R\u00e9serve de cours<\/a><\/li>\n<li><a href=\"https:\/\/www.library.yorku.ca\/web\/questions-et-services\/emprunter-renouveler-retourner\/pret-entre-bibliotheque-omni\/?lang=fr\">Pr\u00eat entre biblioth\u00e8ques Omni<\/a><\/li>\n<li><a href=\"https:\/\/www.library.yorku.ca\/web\/questions-et-services\/emprunter-renouveler-retourner\/regles-de-pret-2\/?lang=fr\">R\u00e8gles de pr\u00eat<\/a><\/li>\n<li><a href=\"https:\/\/www.library.yorku.ca\/web\/questions-et-services\/emprunter-renouveler-retourner\/reservation-de-films-et-videos\/?lang=fr\">R\u00e9server un film ou une vid\u00e9o<\/a><\/li>\n<li><a href=\"https:\/\/www.library.yorku.ca\/web\/questions-et-services\/emprunter-renouveler-retourner\/emprunt-direct-dautres-bibliotheques\/?lang=fr\">Emprunt direct d'autres biblioth\u00e8ques<\/a><\/li>\n<\/ul>","protected":false},"excerpt":{"rendered":"<p>Comptes de biblioth\u00e8ques et cartes YU Emprunts, retours et amendes\/frais Les demandes et le service de ramassage Casiers \u00e0 livres R\u00e9serve de cours Pr\u00eat entre biblioth\u00e8ques Omni R\u00e8gles de pr\u00eat R\u00e9server un film ou une vid\u00e9o Emprunt direct d'autres biblioth\u00e8ques<\/p>\n","protected":false},"author":7,"featured_media":0,"parent":20663,"menu_order":25,"comment_status":"closed","ping_status":"closed","template":"","meta":{"_uag_custom_page_level_css":"","footnotes":""},"class_list":["post-5761","page","type-page","status-publish","hentry"],"yoast_head":"<!-- This site is optimized with the Yoast SEO plugin v27.5 - https:\/\/yoast.com\/product\/yoast-seo-wordpress\/ -->\n<title>Comptes, emprunts et demandes - York University Libraries<\/title>\n<meta name=\"robots\" content=\"index, follow, max-snippet:-1, max-image-preview:large, max-video-preview:-1\" \/>\n<link rel=\"canonical\" href=\"https:\/\/www.library.yorku.ca\/web\/questions-et-services\/emprunter-renouveler-retourner\/?lang=fr\" \/>\n<meta property=\"og:locale\" content=\"en_US\" \/>\n<meta property=\"og:type\" content=\"article\" \/>\n<meta property=\"og:title\" content=\"Comptes, emprunts et demandes - York University Libraries\" \/>\n<meta property=\"og:description\" content=\"Comptes de biblioth\u00e8ques et cartes YU Emprunts, retours et amendes\/frais Les demandes et le service de ramassage Casiers \u00e0 livres R\u00e9serve de cours Pr\u00eat entre biblioth\u00e8ques Omni R\u00e8gles de pr\u00eat R\u00e9server un film ou une vid\u00e9o Emprunt direct d&#039;autres biblioth\u00e8ques\" \/>\n<meta property=\"og:url\" content=\"https:\/\/www.library.yorku.ca\/web\/questions-et-services\/emprunter-renouveler-retourner\/?lang=fr\" \/>\n<meta property=\"og:site_name\" content=\"York University Libraries\" \/>\n<meta property=\"article:modified_time\" content=\"2025-07-28T19:56:41+00:00\" \/>\n<meta property=\"og:image\" content=\"https:\/\/www.library.yorku.ca\/web\/wp-content\/uploads\/2023\/06\/Horizontal-York-Logo-1200x675-1.jpg\" \/>\n\t<meta property=\"og:image:width\" content=\"1200\" \/>\n\t<meta property=\"og:image:height\" content=\"675\" \/>\n\t<meta property=\"og:image:type\" content=\"image\/jpeg\" \/>\n<meta name=\"twitter:card\" content=\"summary_large_image\" \/>\n<meta name=\"twitter:label1\" content=\"Est. reading time\" \/>\n\t<meta name=\"twitter:data1\" content=\"1 minute\" \/>\n<script type=\"application\/ld+json\" class=\"yoast-schema-graph\">{\"@context\":\"https:\\\/\\\/schema.org\",\"@graph\":[{\"@type\":\"WebPage\",\"@id\":\"https:\\\/\\\/www.library.yorku.ca\\\/web\\\/questions-et-services\\\/emprunter-renouveler-retourner\\\/?lang=fr\",\"url\":\"https:\\\/\\\/www.library.yorku.ca\\\/web\\\/questions-et-services\\\/emprunter-renouveler-retourner\\\/?lang=fr\",\"name\":\"Comptes, emprunts et demandes - York University Libraries\",\"isPartOf\":{\"@id\":\"https:\\\/\\\/www.library.yorku.ca\\\/web\\\/#website\"},\"datePublished\":\"2015-08-05T17:18:09+00:00\",\"dateModified\":\"2025-07-28T19:56:41+00:00\",\"breadcrumb\":{\"@id\":\"https:\\\/\\\/www.library.yorku.ca\\\/web\\\/questions-et-services\\\/emprunter-renouveler-retourner\\\/?lang=fr#breadcrumb\"},\"inLanguage\":\"en-US\",\"potentialAction\":[{\"@type\":\"ReadAction\",\"target\":[\"https:\\\/\\\/www.library.yorku.ca\\\/web\\\/questions-et-services\\\/emprunter-renouveler-retourner\\\/?lang=fr\"]}]},{\"@type\":\"BreadcrumbList\",\"@id\":\"https:\\\/\\\/www.library.yorku.ca\\\/web\\\/questions-et-services\\\/emprunter-renouveler-retourner\\\/?lang=fr#breadcrumb\",\"itemListElement\":[{\"@type\":\"ListItem\",\"position\":1,\"name\":\"Home\",\"item\":\"https:\\\/\\\/www.library.yorku.ca\\\/web\\\/\"},{\"@type\":\"ListItem\",\"position\":2,\"name\":\"Questions et services\",\"item\":\"https:\\\/\\\/www.library.yorku.ca\\\/web\\\/questions-et-services\\\/?lang=fr\"},{\"@type\":\"ListItem\",\"position\":3,\"name\":\"Comptes, emprunts et demandes\"}]},{\"@type\":\"WebSite\",\"@id\":\"https:\\\/\\\/www.library.yorku.ca\\\/web\\\/#website\",\"url\":\"https:\\\/\\\/www.library.yorku.ca\\\/web\\\/\",\"name\":\"York University Libraries\",\"description\":\"\",\"publisher\":{\"@id\":\"https:\\\/\\\/www.library.yorku.ca\\\/web\\\/#organization\"},\"alternateName\":\"YUL Home\",\"potentialAction\":[{\"@type\":\"SearchAction\",\"target\":{\"@type\":\"EntryPoint\",\"urlTemplate\":\"https:\\\/\\\/www.library.yorku.ca\\\/web\\\/?s={search_term_string}\"},\"query-input\":{\"@type\":\"PropertyValueSpecification\",\"valueRequired\":true,\"valueName\":\"search_term_string\"}}],\"inLanguage\":\"en-US\"},{\"@type\":\"Organization\",\"@id\":\"https:\\\/\\\/www.library.yorku.ca\\\/web\\\/#organization\",\"name\":\"York University Libraries\",\"alternateName\":\"York University\",\"url\":\"https:\\\/\\\/www.library.yorku.ca\\\/web\\\/\",\"logo\":{\"@type\":\"ImageObject\",\"inLanguage\":\"en-US\",\"@id\":\"https:\\\/\\\/www.library.yorku.ca\\\/web\\\/#\\\/schema\\\/logo\\\/image\\\/\",\"url\":\"https:\\\/\\\/www.library.yorku.ca\\\/web\\\/wp-content\\\/uploads\\\/2023\\\/06\\\/Yorku-logo-696x696-1.jpg\",\"contentUrl\":\"https:\\\/\\\/www.library.yorku.ca\\\/web\\\/wp-content\\\/uploads\\\/2023\\\/06\\\/Yorku-logo-696x696-1.jpg\",\"width\":696,\"height\":696,\"caption\":\"York University Libraries\"},\"image\":{\"@id\":\"https:\\\/\\\/www.library.yorku.ca\\\/web\\\/#\\\/schema\\\/logo\\\/image\\\/\"}}]}<\/script>\n<!-- \/ Yoast SEO plugin. -->","yoast_head_json":{"title":"Comptes, emprunts et demandes - York University Libraries","robots":{"index":"index","follow":"follow","max-snippet":"max-snippet:-1","max-image-preview":"max-image-preview:large","max-video-preview":"max-video-preview:-1"},"canonical":"https:\/\/www.library.yorku.ca\/web\/questions-et-services\/emprunter-renouveler-retourner\/?lang=fr","og_locale":"en_US","og_type":"article","og_title":"Comptes, emprunts et demandes - York University Libraries","og_description":"Comptes de biblioth\u00e8ques et cartes YU Emprunts, retours et amendes\/frais Les demandes et le service de ramassage Casiers \u00e0 livres R\u00e9serve de cours Pr\u00eat entre biblioth\u00e8ques Omni R\u00e8gles de pr\u00eat R\u00e9server un film ou une vid\u00e9o Emprunt direct d'autres biblioth\u00e8ques","og_url":"https:\/\/www.library.yorku.ca\/web\/questions-et-services\/emprunter-renouveler-retourner\/?lang=fr","og_site_name":"York University Libraries","article_modified_time":"2025-07-28T19:56:41+00:00","og_image":[{"width":1200,"height":675,"url":"https:\/\/www.library.yorku.ca\/web\/wp-content\/uploads\/2023\/06\/Horizontal-York-Logo-1200x675-1.jpg","type":"image\/jpeg"}],"twitter_card":"summary_large_image","twitter_misc":{"Est. reading time":"1 minute"},"schema":{"@context":"https:\/\/schema.org","@graph":[{"@type":"WebPage","@id":"https:\/\/www.library.yorku.ca\/web\/questions-et-services\/emprunter-renouveler-retourner\/?lang=fr","url":"https:\/\/www.library.yorku.ca\/web\/questions-et-services\/emprunter-renouveler-retourner\/?lang=fr","name":"Comptes, emprunts et demandes - York University Libraries","isPartOf":{"@id":"https:\/\/www.library.yorku.ca\/web\/#website"},"datePublished":"2015-08-05T17:18:09+00:00","dateModified":"2025-07-28T19:56:41+00:00","breadcrumb":{"@id":"https:\/\/www.library.yorku.ca\/web\/questions-et-services\/emprunter-renouveler-retourner\/?lang=fr#breadcrumb"},"inLanguage":"en-US","potentialAction":[{"@type":"ReadAction","target":["https:\/\/www.library.yorku.ca\/web\/questions-et-services\/emprunter-renouveler-retourner\/?lang=fr"]}]},{"@type":"BreadcrumbList","@id":"https:\/\/www.library.yorku.ca\/web\/questions-et-services\/emprunter-renouveler-retourner\/?lang=fr#breadcrumb","itemListElement":[{"@type":"ListItem","position":1,"name":"Home","item":"https:\/\/www.library.yorku.ca\/web\/"},{"@type":"ListItem","position":2,"name":"Questions et services","item":"https:\/\/www.library.yorku.ca\/web\/questions-et-services\/?lang=fr"},{"@type":"ListItem","position":3,"name":"Comptes, emprunts et demandes"}]},{"@type":"WebSite","@id":"https:\/\/www.library.yorku.ca\/web\/#website","url":"https:\/\/www.library.yorku.ca\/web\/","name":"York University Libraries","description":"","publisher":{"@id":"https:\/\/www.library.yorku.ca\/web\/#organization"},"alternateName":"YUL Home","potentialAction":[{"@type":"SearchAction","target":{"@type":"EntryPoint","urlTemplate":"https:\/\/www.library.yorku.ca\/web\/?s={search_term_string}"},"query-input":{"@type":"PropertyValueSpecification","valueRequired":true,"valueName":"search_term_string"}}],"inLanguage":"en-US"},{"@type":"Organization","@id":"https:\/\/www.library.yorku.ca\/web\/#organization","name":"York University Libraries","alternateName":"York University","url":"https:\/\/www.library.yorku.ca\/web\/","logo":{"@type":"ImageObject","inLanguage":"en-US","@id":"https:\/\/www.library.yorku.ca\/web\/#\/schema\/logo\/image\/","url":"https:\/\/www.library.yorku.ca\/web\/wp-content\/uploads\/2023\/06\/Yorku-logo-696x696-1.jpg","contentUrl":"https:\/\/www.library.yorku.ca\/web\/wp-content\/uploads\/2023\/06\/Yorku-logo-696x696-1.jpg","width":696,"height":696,"caption":"York University Libraries"},"image":{"@id":"https:\/\/www.library.yorku.ca\/web\/#\/schema\/logo\/image\/"}}]}},"uagb_featured_image_src":{"full":false,"thumbnail":false,"medium":false,"medium_large":false,"large":false,"1536x1536":false,"2048x2048":false},"uagb_author_info":{"display_name":"symons","author_link":"https:\/\/www.library.yorku.ca\/web\/blog\/author\/symons\/"},"uagb_comment_info":0,"uagb_excerpt":"Comptes de biblioth\u00e8ques et cartes YU Emprunts, retours et amendes\/frais Les demandes et le service de ramassage Casiers \u00e0 livres R\u00e9serve de cours Pr\u00eat entre biblioth\u00e8ques Omni R\u00e8gles de pr\u00eat R\u00e9server un film ou une vid\u00e9o Emprunt direct d'autres biblioth\u00e8ques","_links":{"self":[{"href":"https:\/\/www.library.yorku.ca\/web\/wp-json\/wp\/v2\/pages\/5761","targetHints":{"allow":["GET"]}}],"collection":[{"href":"https:\/\/www.library.yorku.ca\/web\/wp-json\/wp\/v2\/pages"}],"about":[{"href":"https:\/\/www.library.yorku.ca\/web\/wp-json\/wp\/v2\/types\/page"}],"author":[{"embeddable":true,"href":"https:\/\/www.library.yorku.ca\/web\/wp-json\/wp\/v2\/users\/7"}],"replies":[{"embeddable":true,"href":"https:\/\/www.library.yorku.ca\/web\/wp-json\/wp\/v2\/comments?post=5761"}],"version-history":[{"count":43,"href":"https:\/\/www.library.yorku.ca\/web\/wp-json\/wp\/v2\/pages\/5761\/revisions"}],"predecessor-version":[{"id":32015,"href":"https:\/\/www.library.yorku.ca\/web\/wp-json\/wp\/v2\/pages\/5761\/revisions\/32015"}],"up":[{"embeddable":true,"href":"https:\/\/www.library.yorku.ca\/web\/wp-json\/wp\/v2\/pages\/20663"}],"wp:attachment":[{"href":"https:\/\/www.library.yorku.ca\/web\/wp-json\/wp\/v2\/media?parent=5761"}],"curies":[{"name":"wp","href":"https:\/\/api.w.org\/{rel}","templated":true}]}}