{"id":8279,"date":"2016-07-04T12:12:52","date_gmt":"2016-07-04T16:12:52","guid":{"rendered":"http:\/\/www.library.yorku.ca\/web\/?page_id=8279"},"modified":"2023-04-24T14:33:56","modified_gmt":"2023-04-24T18:33:56","slug":"accessibilite-aux-batiments","status":"publish","type":"page","link":"https:\/\/www.library.yorku.ca\/web\/questions-et-services\/centre-de-services-daccessibilite-aux-bibliotheques-csab\/accessibilite-aux-batiments\/?lang=fr","title":{"rendered":"Accessibilit\u00e9 aux b\u00e2timents"},"content":{"rendered":"<p><strong>Acc\u00e8s physique aux Biblioth\u00e8ques de l\u2019Universit\u00e9 York<\/strong><\/p>\n<ul>\n<li>La Biblioth\u00e8que Bronfman\u00a0: situ\u00e9e dans la salle S237 du pavillon Seymour Schuling de l\u2019\u00c9cole commerciale Schulich (Schulich School of Business). Pour plus de renseignements, composez le 416-736-5139.<\/li>\n<li>La Biblioth\u00e8que Scott : entr\u00e9e situ\u00e9e sur la Place centrale (Central Square). Un ascenseur m\u00e8ne aux quatre \u00e9tages sup\u00e9rieurs. Des services d\u2019aide sont disponibles pour utiliser l\u2019ascenseur et pour se rendre aux diff\u00e9rents \u00e9tages. Pour plus de renseignements, composez le 416-712-2703.<\/li>\n<li>La Biblioth\u00e8que Frost\u00a0: situ\u00e9e sur le campus Glendon, elle est \u00e9quip\u00e9e d\u2019une rampe d\u2019acc\u00e8s qui m\u00e8ne \u00e0 l\u2019entr\u00e9e ouest de l\u2019\u00e9difice. Il suffit d'appuyer sur la sonnette pour qu'un membre du personnel vienne ouvrir la porte. Pour plus de renseignements, composez le 416-487-6726.<\/li>\n<li>La Biblioth\u00e8que de droit\u00a0: situ\u00e9e au rez-de-chauss\u00e9e de l\u2019\u00c9cole de droit Osgoode Hall (Osgoode Hall Law School). Pour plus de renseignements, composez le\u00a0416-736-5206.<\/li>\n<li>La Biblioth\u00e8que scientifique Steacie (Streacie Science Library)\u00a0: situ\u00e9e au rez-de-chauss\u00e9e du pavillon des Sciences (Steacie Science Building). Pour plus de renseignements, composez le 416-736-5084.<\/li>\n<\/ul>\n","protected":false},"excerpt":{"rendered":"<p>Acc\u00e8s physique aux Biblioth\u00e8ques de l\u2019Universit\u00e9 York La Biblioth\u00e8que Bronfman\u00a0: situ\u00e9e dans la salle S237 du pavillon Seymour Schuling de l\u2019\u00c9cole commerciale Schulich (Schulich School of Business). Pour plus de renseignements, composez le 416-736-5139. La Biblioth\u00e8que Scott : entr\u00e9e situ\u00e9e sur la Place centrale (Central Square). Un ascenseur m\u00e8ne aux quatre \u00e9tages sup\u00e9rieurs. Des services [&hellip;]<\/p>\n","protected":false},"author":17,"featured_media":0,"parent":8263,"menu_order":0,"comment_status":"closed","ping_status":"closed","template":"","meta":{"_uag_custom_page_level_css":"","footnotes":""},"class_list":["post-8279","page","type-page","status-publish","hentry"],"yoast_head":"<!-- This site is optimized with the Yoast SEO plugin v27.4 - https:\/\/yoast.com\/product\/yoast-seo-wordpress\/ -->\n<title>Accessibilit\u00e9 aux b\u00e2timents - York University Libraries<\/title>\n<meta name=\"robots\" content=\"index, follow, max-snippet:-1, max-image-preview:large, max-video-preview:-1\" \/>\n<link rel=\"canonical\" href=\"https:\/\/www.library.yorku.ca\/web\/questions-et-services\/centre-de-services-daccessibilite-aux-bibliotheques-csab\/accessibilite-aux-batiments\/?lang=fr\" \/>\n<meta property=\"og:locale\" content=\"en_US\" \/>\n<meta property=\"og:type\" content=\"article\" \/>\n<meta property=\"og:title\" content=\"Accessibilit\u00e9 aux b\u00e2timents - York University Libraries\" \/>\n<meta property=\"og:description\" content=\"Acc\u00e8s physique aux Biblioth\u00e8ques de l\u2019Universit\u00e9 York La Biblioth\u00e8que Bronfman\u00a0: situ\u00e9e dans la salle S237 du pavillon Seymour Schuling de l\u2019\u00c9cole commerciale Schulich (Schulich School of Business). Pour plus de renseignements, composez le 416-736-5139. La Biblioth\u00e8que Scott : entr\u00e9e situ\u00e9e sur la Place centrale (Central Square). Un ascenseur m\u00e8ne aux quatre \u00e9tages sup\u00e9rieurs. Des services [&hellip;]\" \/>\n<meta property=\"og:url\" content=\"https:\/\/www.library.yorku.ca\/web\/questions-et-services\/centre-de-services-daccessibilite-aux-bibliotheques-csab\/accessibilite-aux-batiments\/?lang=fr\" \/>\n<meta property=\"og:site_name\" content=\"York University Libraries\" \/>\n<meta property=\"article:modified_time\" content=\"2023-04-24T18:33:56+00:00\" \/>\n<meta property=\"og:image\" content=\"https:\/\/www.library.yorku.ca\/web\/wp-content\/uploads\/2023\/06\/Horizontal-York-Logo-1200x675-1.jpg\" \/>\n\t<meta property=\"og:image:width\" content=\"1200\" \/>\n\t<meta property=\"og:image:height\" content=\"675\" \/>\n\t<meta property=\"og:image:type\" content=\"image\/jpeg\" \/>\n<meta name=\"twitter:card\" content=\"summary_large_image\" \/>\n<meta name=\"twitter:label1\" content=\"Est. reading time\" \/>\n\t<meta name=\"twitter:data1\" content=\"1 minute\" \/>\n<script type=\"application\/ld+json\" class=\"yoast-schema-graph\">{\"@context\":\"https:\\\/\\\/schema.org\",\"@graph\":[{\"@type\":\"WebPage\",\"@id\":\"https:\\\/\\\/www.library.yorku.ca\\\/web\\\/questions-et-services\\\/centre-de-services-daccessibilite-aux-bibliotheques-csab\\\/accessibilite-aux-batiments\\\/?lang=fr\",\"url\":\"https:\\\/\\\/www.library.yorku.ca\\\/web\\\/questions-et-services\\\/centre-de-services-daccessibilite-aux-bibliotheques-csab\\\/accessibilite-aux-batiments\\\/?lang=fr\",\"name\":\"Accessibilit\u00e9 aux b\u00e2timents - York University Libraries\",\"isPartOf\":{\"@id\":\"https:\\\/\\\/www.library.yorku.ca\\\/web\\\/#website\"},\"datePublished\":\"2016-07-04T16:12:52+00:00\",\"dateModified\":\"2023-04-24T18:33:56+00:00\",\"breadcrumb\":{\"@id\":\"https:\\\/\\\/www.library.yorku.ca\\\/web\\\/questions-et-services\\\/centre-de-services-daccessibilite-aux-bibliotheques-csab\\\/accessibilite-aux-batiments\\\/?lang=fr#breadcrumb\"},\"inLanguage\":\"en-US\",\"potentialAction\":[{\"@type\":\"ReadAction\",\"target\":[\"https:\\\/\\\/www.library.yorku.ca\\\/web\\\/questions-et-services\\\/centre-de-services-daccessibilite-aux-bibliotheques-csab\\\/accessibilite-aux-batiments\\\/?lang=fr\"]}]},{\"@type\":\"BreadcrumbList\",\"@id\":\"https:\\\/\\\/www.library.yorku.ca\\\/web\\\/questions-et-services\\\/centre-de-services-daccessibilite-aux-bibliotheques-csab\\\/accessibilite-aux-batiments\\\/?lang=fr#breadcrumb\",\"itemListElement\":[{\"@type\":\"ListItem\",\"position\":1,\"name\":\"Home\",\"item\":\"https:\\\/\\\/www.library.yorku.ca\\\/web\\\/\"},{\"@type\":\"ListItem\",\"position\":2,\"name\":\"Questions et services\",\"item\":\"https:\\\/\\\/www.library.yorku.ca\\\/web\\\/questions-et-services\\\/?lang=fr\"},{\"@type\":\"ListItem\",\"position\":3,\"name\":\"Services d'accessibilit\u00e9 des biblioth\u00e8ques\",\"item\":\"https:\\\/\\\/www.library.yorku.ca\\\/web\\\/questions-et-services\\\/centre-de-services-daccessibilite-aux-bibliotheques-csab\\\/?lang=fr\"},{\"@type\":\"ListItem\",\"position\":4,\"name\":\"Accessibilit\u00e9 aux b\u00e2timents\"}]},{\"@type\":\"WebSite\",\"@id\":\"https:\\\/\\\/www.library.yorku.ca\\\/web\\\/#website\",\"url\":\"https:\\\/\\\/www.library.yorku.ca\\\/web\\\/\",\"name\":\"York University Libraries\",\"description\":\"\",\"publisher\":{\"@id\":\"https:\\\/\\\/www.library.yorku.ca\\\/web\\\/#organization\"},\"alternateName\":\"YUL Home\",\"potentialAction\":[{\"@type\":\"SearchAction\",\"target\":{\"@type\":\"EntryPoint\",\"urlTemplate\":\"https:\\\/\\\/www.library.yorku.ca\\\/web\\\/?s={search_term_string}\"},\"query-input\":{\"@type\":\"PropertyValueSpecification\",\"valueRequired\":true,\"valueName\":\"search_term_string\"}}],\"inLanguage\":\"en-US\"},{\"@type\":\"Organization\",\"@id\":\"https:\\\/\\\/www.library.yorku.ca\\\/web\\\/#organization\",\"name\":\"York University Libraries\",\"alternateName\":\"York University\",\"url\":\"https:\\\/\\\/www.library.yorku.ca\\\/web\\\/\",\"logo\":{\"@type\":\"ImageObject\",\"inLanguage\":\"en-US\",\"@id\":\"https:\\\/\\\/www.library.yorku.ca\\\/web\\\/#\\\/schema\\\/logo\\\/image\\\/\",\"url\":\"https:\\\/\\\/www.library.yorku.ca\\\/web\\\/wp-content\\\/uploads\\\/2023\\\/06\\\/Yorku-logo-696x696-1.jpg\",\"contentUrl\":\"https:\\\/\\\/www.library.yorku.ca\\\/web\\\/wp-content\\\/uploads\\\/2023\\\/06\\\/Yorku-logo-696x696-1.jpg\",\"width\":696,\"height\":696,\"caption\":\"York University Libraries\"},\"image\":{\"@id\":\"https:\\\/\\\/www.library.yorku.ca\\\/web\\\/#\\\/schema\\\/logo\\\/image\\\/\"}}]}<\/script>\n<!-- \/ Yoast SEO plugin. -->","yoast_head_json":{"title":"Accessibilit\u00e9 aux b\u00e2timents - York University Libraries","robots":{"index":"index","follow":"follow","max-snippet":"max-snippet:-1","max-image-preview":"max-image-preview:large","max-video-preview":"max-video-preview:-1"},"canonical":"https:\/\/www.library.yorku.ca\/web\/questions-et-services\/centre-de-services-daccessibilite-aux-bibliotheques-csab\/accessibilite-aux-batiments\/?lang=fr","og_locale":"en_US","og_type":"article","og_title":"Accessibilit\u00e9 aux b\u00e2timents - York University Libraries","og_description":"Acc\u00e8s physique aux Biblioth\u00e8ques de l\u2019Universit\u00e9 York La Biblioth\u00e8que Bronfman\u00a0: situ\u00e9e dans la salle S237 du pavillon Seymour Schuling de l\u2019\u00c9cole commerciale Schulich (Schulich School of Business). Pour plus de renseignements, composez le 416-736-5139. La Biblioth\u00e8que Scott : entr\u00e9e situ\u00e9e sur la Place centrale (Central Square). Un ascenseur m\u00e8ne aux quatre \u00e9tages sup\u00e9rieurs. Des services [&hellip;]","og_url":"https:\/\/www.library.yorku.ca\/web\/questions-et-services\/centre-de-services-daccessibilite-aux-bibliotheques-csab\/accessibilite-aux-batiments\/?lang=fr","og_site_name":"York University Libraries","article_modified_time":"2023-04-24T18:33:56+00:00","og_image":[{"width":1200,"height":675,"url":"https:\/\/www.library.yorku.ca\/web\/wp-content\/uploads\/2023\/06\/Horizontal-York-Logo-1200x675-1.jpg","type":"image\/jpeg"}],"twitter_card":"summary_large_image","twitter_misc":{"Est. reading time":"1 minute"},"schema":{"@context":"https:\/\/schema.org","@graph":[{"@type":"WebPage","@id":"https:\/\/www.library.yorku.ca\/web\/questions-et-services\/centre-de-services-daccessibilite-aux-bibliotheques-csab\/accessibilite-aux-batiments\/?lang=fr","url":"https:\/\/www.library.yorku.ca\/web\/questions-et-services\/centre-de-services-daccessibilite-aux-bibliotheques-csab\/accessibilite-aux-batiments\/?lang=fr","name":"Accessibilit\u00e9 aux b\u00e2timents - York University Libraries","isPartOf":{"@id":"https:\/\/www.library.yorku.ca\/web\/#website"},"datePublished":"2016-07-04T16:12:52+00:00","dateModified":"2023-04-24T18:33:56+00:00","breadcrumb":{"@id":"https:\/\/www.library.yorku.ca\/web\/questions-et-services\/centre-de-services-daccessibilite-aux-bibliotheques-csab\/accessibilite-aux-batiments\/?lang=fr#breadcrumb"},"inLanguage":"en-US","potentialAction":[{"@type":"ReadAction","target":["https:\/\/www.library.yorku.ca\/web\/questions-et-services\/centre-de-services-daccessibilite-aux-bibliotheques-csab\/accessibilite-aux-batiments\/?lang=fr"]}]},{"@type":"BreadcrumbList","@id":"https:\/\/www.library.yorku.ca\/web\/questions-et-services\/centre-de-services-daccessibilite-aux-bibliotheques-csab\/accessibilite-aux-batiments\/?lang=fr#breadcrumb","itemListElement":[{"@type":"ListItem","position":1,"name":"Home","item":"https:\/\/www.library.yorku.ca\/web\/"},{"@type":"ListItem","position":2,"name":"Questions et services","item":"https:\/\/www.library.yorku.ca\/web\/questions-et-services\/?lang=fr"},{"@type":"ListItem","position":3,"name":"Services d'accessibilit\u00e9 des biblioth\u00e8ques","item":"https:\/\/www.library.yorku.ca\/web\/questions-et-services\/centre-de-services-daccessibilite-aux-bibliotheques-csab\/?lang=fr"},{"@type":"ListItem","position":4,"name":"Accessibilit\u00e9 aux b\u00e2timents"}]},{"@type":"WebSite","@id":"https:\/\/www.library.yorku.ca\/web\/#website","url":"https:\/\/www.library.yorku.ca\/web\/","name":"York University Libraries","description":"","publisher":{"@id":"https:\/\/www.library.yorku.ca\/web\/#organization"},"alternateName":"YUL Home","potentialAction":[{"@type":"SearchAction","target":{"@type":"EntryPoint","urlTemplate":"https:\/\/www.library.yorku.ca\/web\/?s={search_term_string}"},"query-input":{"@type":"PropertyValueSpecification","valueRequired":true,"valueName":"search_term_string"}}],"inLanguage":"en-US"},{"@type":"Organization","@id":"https:\/\/www.library.yorku.ca\/web\/#organization","name":"York University Libraries","alternateName":"York University","url":"https:\/\/www.library.yorku.ca\/web\/","logo":{"@type":"ImageObject","inLanguage":"en-US","@id":"https:\/\/www.library.yorku.ca\/web\/#\/schema\/logo\/image\/","url":"https:\/\/www.library.yorku.ca\/web\/wp-content\/uploads\/2023\/06\/Yorku-logo-696x696-1.jpg","contentUrl":"https:\/\/www.library.yorku.ca\/web\/wp-content\/uploads\/2023\/06\/Yorku-logo-696x696-1.jpg","width":696,"height":696,"caption":"York University Libraries"},"image":{"@id":"https:\/\/www.library.yorku.ca\/web\/#\/schema\/logo\/image\/"}}]}},"uagb_featured_image_src":{"full":false,"thumbnail":false,"medium":false,"medium_large":false,"large":false,"1536x1536":false,"2048x2048":false},"uagb_author_info":{"display_name":"dsavard","author_link":"https:\/\/www.library.yorku.ca\/web\/blog\/author\/dsavard\/"},"uagb_comment_info":0,"uagb_excerpt":"Acc\u00e8s physique aux Biblioth\u00e8ques de l\u2019Universit\u00e9 York La Biblioth\u00e8que Bronfman\u00a0: situ\u00e9e dans la salle S237 du pavillon Seymour Schuling de l\u2019\u00c9cole commerciale Schulich (Schulich School of Business). Pour plus de renseignements, composez le 416-736-5139. La Biblioth\u00e8que Scott : entr\u00e9e situ\u00e9e sur la Place centrale (Central Square). Un ascenseur m\u00e8ne aux quatre \u00e9tages sup\u00e9rieurs. Des services&hellip;","_links":{"self":[{"href":"https:\/\/www.library.yorku.ca\/web\/wp-json\/wp\/v2\/pages\/8279","targetHints":{"allow":["GET"]}}],"collection":[{"href":"https:\/\/www.library.yorku.ca\/web\/wp-json\/wp\/v2\/pages"}],"about":[{"href":"https:\/\/www.library.yorku.ca\/web\/wp-json\/wp\/v2\/types\/page"}],"author":[{"embeddable":true,"href":"https:\/\/www.library.yorku.ca\/web\/wp-json\/wp\/v2\/users\/17"}],"replies":[{"embeddable":true,"href":"https:\/\/www.library.yorku.ca\/web\/wp-json\/wp\/v2\/comments?post=8279"}],"version-history":[{"count":3,"href":"https:\/\/www.library.yorku.ca\/web\/wp-json\/wp\/v2\/pages\/8279\/revisions"}],"predecessor-version":[{"id":24805,"href":"https:\/\/www.library.yorku.ca\/web\/wp-json\/wp\/v2\/pages\/8279\/revisions\/24805"}],"up":[{"embeddable":true,"href":"https:\/\/www.library.yorku.ca\/web\/wp-json\/wp\/v2\/pages\/8263"}],"wp:attachment":[{"href":"https:\/\/www.library.yorku.ca\/web\/wp-json\/wp\/v2\/media?parent=8279"}],"curies":[{"name":"wp","href":"https:\/\/api.w.org\/{rel}","templated":true}]}}